{"id":82,"date":"2025-09-09T18:20:51","date_gmt":"2025-09-09T18:20:51","guid":{"rendered":"https:\/\/diamantesportvintage.com\/?page_id=82"},"modified":"2025-09-19T23:30:04","modified_gmt":"2025-09-19T23:30:04","slug":"quienes-somos","status":"publish","type":"page","link":"https:\/\/diamantesportvintage.com\/index.php\/quienes-somos\/","title":{"rendered":"Quienes somos"},"content":{"rendered":"\t\t<div data-elementor-type=\"wp-page\" data-elementor-id=\"82\" class=\"elementor elementor-82\">\n\t\t\t\t<div class=\"elementor-element elementor-element-58633a8 e-grid e-con-boxed e-con e-parent\" data-id=\"58633a8\" data-element_type=\"container\" data-e-type=\"container\">\n\t\t\t\t\t<div class=\"e-con-inner\">\n\t\t\t\t<div class=\"elementor-element elementor-element-7b441e1 elementor-widget elementor-widget-image\" data-id=\"7b441e1\" data-element_type=\"widget\" data-e-type=\"widget\" data-widget_type=\"image.default\">\n\t\t\t\t\t\t\t\t\t\t\t\t\t\t\t<img fetchpriority=\"high\" decoding=\"async\" width=\"512\" height=\"512\" src=\"https:\/\/diamantesportvintage.com\/wp-content\/uploads\/2025\/09\/15.-Don-Ricardo-fondo-azul.png\" class=\"attachment-large size-large wp-image-85\" alt=\"\" srcset=\"https:\/\/diamantesportvintage.com\/wp-content\/uploads\/2025\/09\/15.-Don-Ricardo-fondo-azul.png 512w, https:\/\/diamantesportvintage.com\/wp-content\/uploads\/2025\/09\/15.-Don-Ricardo-fondo-azul-300x300.png 300w, https:\/\/diamantesportvintage.com\/wp-content\/uploads\/2025\/09\/15.-Don-Ricardo-fondo-azul-150x150.png 150w, https:\/\/diamantesportvintage.com\/wp-content\/uploads\/2025\/09\/15.-Don-Ricardo-fondo-azul-100x100.png 100w\" sizes=\"100vw\" \/>\t\t\t\t\t\t\t\t\t\t\t\t\t\t\t<\/div>\n\t\t\t\t<div class=\"elementor-element elementor-element-00a74a1 elementor-widget elementor-widget-text-editor\" data-id=\"00a74a1\" data-element_type=\"widget\" data-e-type=\"widget\" data-widget_type=\"text-editor.default\">\n\t\t\t\t\t\t\t\t\t<p>\u00bfQui\u00e9n es Ricardo Vel\u00e1zquez Jr.?<\/p><p>Ricardo Vel\u00e1zquez Jr. es periodista, escritor e investigador documental con una profunda pasi\u00f3n por la historia del beisbol. Durante a\u00f1os, ha dedicado su vida a rescatar, analizar y contar la verdadera historia de este deporte, especialmente en M\u00e9xico, con un enfoque basado en documentos y hechos verificables.<\/p><p>Su trayectoria en el mundo del b\u00e9isbol desde 1972, no s\u00f3lo se limita a la investigaci\u00f3n. Ha escrito libros, ha editado revistas especializadas en beisbol, ha desarrollado sitios web como Diamante Sport y Diamante Sport Vintage, ha participado como fot\u00f3grafo profesional y editor de videos de beisbol con proyectos que buscan preservar y difundir la historia del beisbol con una mirada objetiva, libre de mitos y fundamentada en evidencias.<\/p><p>A trav\u00e9s de\u00a0<strong>Diamante Sport<\/strong>, Ricardo ha creado un espacio donde la historia del b\u00e9isbol cobra vida, ahora acompa\u00f1ado por su hijo Oswaldo \u00abBango\u00bb Vel\u00e1zquez en este nuevo proyecto que intenta ligar la historia del beisbol con la actualidad del deporte rey.<\/p><p><strong>Oswaldo \u00abBango\u00bb Vel\u00e1zquez<\/strong><\/p><p>Oswaldo \u00abBango\u00bb Vel\u00e1zquez estudia actualmente la carrera de Ciencias de la Actividad F\u00edsica y Deporte en la Facultad de Organizaci\u00f3n Deportiva de la UANL.<\/p><p>Fue el peloterito del Bicentenario de Sultanes en 2010, jug\u00f3 muchos a\u00f1os LLB en Gallos de San Nicol\u00e1s y FOD UANL. Es miembro de la mesa directiva de Sociedad de Estudiantes de FOD. Tiene amplia experiencia en la organizaci\u00f3n y ejecuci\u00f3n de m\u00faltiples eventos deportivos como carreras, rallys deportivos, torneos y tres a\u00f1os siendo voluntario de Marketing en Club Tigres UANL.<\/p><p>Es fot\u00f3grafo deportivo de la FOD y tiene experiencia de fotograf\u00eda en Osos de Mty de la LFA.<\/p><p>Hoy incursiona en la cr\u00f3nica deportiva, en especial de los juegos de Sultanes de Monterrey.<\/p>\t\t\t\t\t\t\t\t<\/div>\n\t\t\t\t<div class=\"elementor-element elementor-element-b7e80cc elementor-widget elementor-widget-image\" data-id=\"b7e80cc\" data-element_type=\"widget\" data-e-type=\"widget\" data-widget_type=\"image.default\">\n\t\t\t\t\t\t\t\t\t\t\t\t\t\t\t<img decoding=\"async\" width=\"525\" height=\"647\" src=\"https:\/\/diamantesportvintage.com\/wp-content\/uploads\/2025\/09\/OSWALDO-BANGO-VELAZQUEZ.jpg\" class=\"attachment-large size-large wp-image-86\" alt=\"\" srcset=\"https:\/\/diamantesportvintage.com\/wp-content\/uploads\/2025\/09\/OSWALDO-BANGO-VELAZQUEZ.jpg 526w, https:\/\/diamantesportvintage.com\/wp-content\/uploads\/2025\/09\/OSWALDO-BANGO-VELAZQUEZ-244x300.jpg 244w\" sizes=\"100vw\" \/>\t\t\t\t\t\t\t\t\t\t\t\t\t\t\t<\/div>\n\t\t\t\t\t<\/div>\n\t\t\t\t<\/div>\n\t\t\t\t<\/div>\n\t\t","protected":false},"excerpt":{"rendered":"<p>\u00bfQui\u00e9n es Ricardo Vel\u00e1zquez Jr.? Ricardo Vel\u00e1zquez Jr. es periodista, escritor e investigador documental con una profunda pasi\u00f3n por la historia del beisbol. Durante a\u00f1os, ha dedicado su vida a rescatar, analizar y contar la verdadera historia de este deporte, especialmente en M\u00e9xico, con un enfoque basado en documentos y hechos verificables. Su trayectoria en &hellip; <\/p>\n<p class=\"link-more\"><a href=\"https:\/\/diamantesportvintage.com\/index.php\/quienes-somos\/\" class=\"more-link\">Continuar leyendo<span class=\"screen-reader-text\"> \u00abQuienes somos\u00bb<\/span><\/a><\/p>\n","protected":false},"author":1,"featured_media":13,"parent":0,"menu_order":0,"comment_status":"closed","ping_status":"closed","template":"","meta":{"_eb_attr":"","footnotes":""},"class_list":["post-82","page","type-page","status-publish","has-post-thumbnail","hentry"],"_links":{"self":[{"href":"https:\/\/diamantesportvintage.com\/index.php\/wp-json\/wp\/v2\/pages\/82","targetHints":{"allow":["GET"]}}],"collection":[{"href":"https:\/\/diamantesportvintage.com\/index.php\/wp-json\/wp\/v2\/pages"}],"about":[{"href":"https:\/\/diamantesportvintage.com\/index.php\/wp-json\/wp\/v2\/types\/page"}],"author":[{"embeddable":true,"href":"https:\/\/diamantesportvintage.com\/index.php\/wp-json\/wp\/v2\/users\/1"}],"replies":[{"embeddable":true,"href":"https:\/\/diamantesportvintage.com\/index.php\/wp-json\/wp\/v2\/comments?post=82"}],"version-history":[{"count":4,"href":"https:\/\/diamantesportvintage.com\/index.php\/wp-json\/wp\/v2\/pages\/82\/revisions"}],"predecessor-version":[{"id":89,"href":"https:\/\/diamantesportvintage.com\/index.php\/wp-json\/wp\/v2\/pages\/82\/revisions\/89"}],"wp:featuredmedia":[{"embeddable":true,"href":"https:\/\/diamantesportvintage.com\/index.php\/wp-json\/wp\/v2\/media\/13"}],"wp:attachment":[{"href":"https:\/\/diamantesportvintage.com\/index.php\/wp-json\/wp\/v2\/media?parent=82"}],"curies":[{"name":"wp","href":"https:\/\/api.w.org\/{rel}","templated":true}]}}