{"id":208,"date":"2025-09-19T23:17:40","date_gmt":"2025-09-19T23:17:40","guid":{"rendered":"https:\/\/diamantesportvintage.com\/?page_id=208"},"modified":"2025-09-19T23:28:55","modified_gmt":"2025-09-19T23:28:55","slug":"videos","status":"publish","type":"page","link":"https:\/\/diamantesportvintage.com\/index.php\/videos\/","title":{"rendered":"Videos"},"content":{"rendered":"\t\t<div data-elementor-type=\"wp-page\" data-elementor-id=\"208\" class=\"elementor elementor-208\">\n\t\t\t\t<div class=\"elementor-element elementor-element-446939d e-flex e-con-boxed e-con e-parent\" data-id=\"446939d\" data-element_type=\"container\" data-e-type=\"container\">\n\t\t\t\t\t<div class=\"e-con-inner\">\n\t\t\t\t<div class=\"elementor-element elementor-element-c57e33c elementor-widget elementor-widget-text-editor\" data-id=\"c57e33c\" data-element_type=\"widget\" data-e-type=\"widget\" data-widget_type=\"text-editor.default\">\n\t\t\t\t\t\t\t\t\t<p>Revive la verdadera historia del beisbol tambi\u00e9n en video. Aqu\u00ed encontrar\u00e1s an\u00e1lisis detallados, relatos apasionantes y muchas cosas m\u00e1s que conectan con la esencia de este deporte. Cada producci\u00f3n est\u00e1 pensada para llevarte desde los grandes momentos de las ligas profesionales hasta las an\u00e9cdotas m\u00e1s \u00edntimas de los protagonistas que hicieron grande al diamante. A trav\u00e9s de im\u00e1genes y narraciones, descubrir\u00e1s un universo \u00fanico que complementa nuestras ediciones impresas y digitales. D\u00e9jate atrapar por la emoci\u00f3n de las jugadas, la pasi\u00f3n de los aficionados y la memoria viva de un deporte que ha marcado generaciones. Nuestros videos no s\u00f3lo cuentan historias: las hacen palpitar frente a tus ojos, para que disfrutes del b\u00e9isbol como nunca antes lo hab\u00edas vivido.<\/p>\t\t\t\t\t\t\t\t<\/div>\n\t\t\t\t\t<\/div>\n\t\t\t\t<\/div>\n\t\t<div class=\"elementor-element elementor-element-e9cf482 e-flex e-con-boxed e-con e-parent\" data-id=\"e9cf482\" data-element_type=\"container\" data-e-type=\"container\">\n\t\t\t\t\t<div class=\"e-con-inner\">\n\t\t\t\t<div class=\"elementor-element elementor-element-a148dec elementor-widget elementor-widget-image\" data-id=\"a148dec\" data-element_type=\"widget\" data-e-type=\"widget\" data-widget_type=\"image.default\">\n\t\t\t\t\t\t\t\t\t\t\t\t\t\t\t<img fetchpriority=\"high\" decoding=\"async\" width=\"525\" height=\"295\" src=\"https:\/\/diamantesportvintage.com\/wp-content\/uploads\/2025\/09\/1.-1925-CARMONA-VIDEOS.jpg\" class=\"attachment-large size-large wp-image-210\" alt=\"\" srcset=\"https:\/\/diamantesportvintage.com\/wp-content\/uploads\/2025\/09\/1.-1925-CARMONA-VIDEOS.jpg 950w, https:\/\/diamantesportvintage.com\/wp-content\/uploads\/2025\/09\/1.-1925-CARMONA-VIDEOS-300x169.jpg 300w, https:\/\/diamantesportvintage.com\/wp-content\/uploads\/2025\/09\/1.-1925-CARMONA-VIDEOS-768x432.jpg 768w\" sizes=\"100vw\" \/>\t\t\t\t\t\t\t\t\t\t\t\t\t\t\t<\/div>\n\t\t\t\t\t<\/div>\n\t\t\t\t<\/div>\n\t\t<div class=\"elementor-element elementor-element-a86dc61 e-flex e-con-boxed e-con e-parent\" data-id=\"a86dc61\" data-element_type=\"container\" data-e-type=\"container\">\n\t\t\t\t\t<div class=\"e-con-inner\">\n\t\t\t\t<div class=\"elementor-element elementor-element-7dad1a2 elementor-widget elementor-widget-image\" data-id=\"7dad1a2\" data-element_type=\"widget\" data-e-type=\"widget\" data-widget_type=\"image.default\">\n\t\t\t\t\t\t\t\t\t\t\t\t\t\t\t<img decoding=\"async\" width=\"525\" height=\"295\" src=\"https:\/\/diamantesportvintage.com\/wp-content\/uploads\/2025\/09\/2.-74-REGIMIENTO-VIDEO.jpg\" class=\"attachment-large size-large wp-image-211\" alt=\"\" srcset=\"https:\/\/diamantesportvintage.com\/wp-content\/uploads\/2025\/09\/2.-74-REGIMIENTO-VIDEO.jpg 950w, https:\/\/diamantesportvintage.com\/wp-content\/uploads\/2025\/09\/2.-74-REGIMIENTO-VIDEO-300x169.jpg 300w, https:\/\/diamantesportvintage.com\/wp-content\/uploads\/2025\/09\/2.-74-REGIMIENTO-VIDEO-768x432.jpg 768w\" sizes=\"100vw\" \/>\t\t\t\t\t\t\t\t\t\t\t\t\t\t\t<\/div>\n\t\t\t\t\t<\/div>\n\t\t\t\t<\/div>\n\t\t<div class=\"elementor-element elementor-element-535afb1 e-flex e-con-boxed e-con e-parent\" data-id=\"535afb1\" data-element_type=\"container\" data-e-type=\"container\">\n\t\t\t\t\t<div class=\"e-con-inner\">\n\t\t\t\t<div class=\"elementor-element elementor-element-9fda5e5 elementor-widget elementor-widget-button\" data-id=\"9fda5e5\" data-element_type=\"widget\" data-e-type=\"widget\" data-widget_type=\"button.default\">\n\t\t\t\t\t\t\t\t\t\t<a class=\"elementor-button elementor-button-link elementor-size-sm\" href=\"\">\n\t\t\t\t\t\t<span class=\"elementor-button-content-wrapper\">\n\t\t\t\t\t\t\t\t\t<span class=\"elementor-button-text\">Ver Canal Completo<\/span>\n\t\t\t\t\t<\/span>\n\t\t\t\t\t<\/a>\n\t\t\t\t\t\t\t\t<\/div>\n\t\t\t\t\t<\/div>\n\t\t\t\t<\/div>\n\t\t\t\t<\/div>\n\t\t","protected":false},"excerpt":{"rendered":"<p>Revive la verdadera historia del beisbol tambi\u00e9n en video. Aqu\u00ed encontrar\u00e1s an\u00e1lisis detallados, relatos apasionantes y muchas cosas m\u00e1s que conectan con la esencia de este deporte. Cada producci\u00f3n est\u00e1 pensada para llevarte desde los grandes momentos de las ligas profesionales hasta las an\u00e9cdotas m\u00e1s \u00edntimas de los protagonistas que hicieron grande al diamante. A &hellip; <\/p>\n<p class=\"link-more\"><a href=\"https:\/\/diamantesportvintage.com\/index.php\/videos\/\" class=\"more-link\">Continuar leyendo<span class=\"screen-reader-text\"> \u00abVideos\u00bb<\/span><\/a><\/p>\n","protected":false},"author":1,"featured_media":0,"parent":0,"menu_order":0,"comment_status":"closed","ping_status":"closed","template":"","meta":{"_eb_attr":"","footnotes":""},"class_list":["post-208","page","type-page","status-publish","hentry"],"_links":{"self":[{"href":"https:\/\/diamantesportvintage.com\/index.php\/wp-json\/wp\/v2\/pages\/208","targetHints":{"allow":["GET"]}}],"collection":[{"href":"https:\/\/diamantesportvintage.com\/index.php\/wp-json\/wp\/v2\/pages"}],"about":[{"href":"https:\/\/diamantesportvintage.com\/index.php\/wp-json\/wp\/v2\/types\/page"}],"author":[{"embeddable":true,"href":"https:\/\/diamantesportvintage.com\/index.php\/wp-json\/wp\/v2\/users\/1"}],"replies":[{"embeddable":true,"href":"https:\/\/diamantesportvintage.com\/index.php\/wp-json\/wp\/v2\/comments?post=208"}],"version-history":[{"count":7,"href":"https:\/\/diamantesportvintage.com\/index.php\/wp-json\/wp\/v2\/pages\/208\/revisions"}],"predecessor-version":[{"id":218,"href":"https:\/\/diamantesportvintage.com\/index.php\/wp-json\/wp\/v2\/pages\/208\/revisions\/218"}],"wp:attachment":[{"href":"https:\/\/diamantesportvintage.com\/index.php\/wp-json\/wp\/v2\/media?parent=208"}],"curies":[{"name":"wp","href":"https:\/\/api.w.org\/{rel}","templated":true}]}}