{"id":201,"date":"2025-09-19T22:24:12","date_gmt":"2025-09-19T22:24:12","guid":{"rendered":"https:\/\/diamantesportvintage.com\/?page_id=201"},"modified":"2025-09-19T23:03:47","modified_gmt":"2025-09-19T23:03:47","slug":"colecciones","status":"publish","type":"page","link":"https:\/\/diamantesportvintage.com\/index.php\/colecciones\/","title":{"rendered":"Colecciones"},"content":{"rendered":"\t\t<div data-elementor-type=\"wp-page\" data-elementor-id=\"201\" class=\"elementor elementor-201\">\n\t\t\t\t<div class=\"elementor-element elementor-element-71dff1a e-flex e-con-boxed e-con e-parent\" data-id=\"71dff1a\" data-element_type=\"container\" data-e-type=\"container\">\n\t\t\t\t\t<div class=\"e-con-inner\">\n\t\t\t\t<div class=\"elementor-element elementor-element-350021d elementor-widget elementor-widget-text-editor\" data-id=\"350021d\" data-element_type=\"widget\" data-e-type=\"widget\" data-widget_type=\"text-editor.default\">\n\t\t\t\t\t\t\t\t\t<p data-start=\"181\" data-end=\"481\"><em data-start=\"181\" data-end=\"479\">Nuestras ediciones impresas y digitales te esperan, cuidadosamente dise\u00f1adas para revivir la esencia del beisbol en cada p\u00e1gina. Cada n\u00famero re\u00fane cr\u00f3nicas, fotograf\u00edas, documentos y relatos que transportan al lector a \u00e9pocas inolvidables del <strong>diamante<\/strong>, donde la pasi\u00f3n y la memoria se entrelazan.<\/em><\/p><p data-start=\"483\" data-end=\"795\"><em data-start=\"483\" data-end=\"793\">Se trata de una colecci\u00f3n \u00fanica para los verdaderos amantes del beisbol, un tesoro que no s\u00f3lo rescata la historia deportiva, sino tambi\u00e9n el contexto cultural y social que le dio vida. En cada edici\u00f3n descubrir\u00e1s episodios poco conocidos, personajes entra\u00f1ables y recuerdos que se han convertido en leyenda.<\/em><\/p><p data-start=\"797\" data-end=\"1131\"><em data-start=\"797\" data-end=\"1129\">Ya sea que las disfrutes en su versi\u00f3n digital o que sostengas en tus manos la revista impresa, sentir\u00e1s que formas parte de esta gran tradici\u00f3n. <strong>Diamante Sport Vintage<\/strong>\u00a0 es m\u00e1s que una publicaci\u00f3n: es un puente entre generaciones, un homenaje a quienes hicieron grande al beisbol y una invitaci\u00f3n a preservar su aut\u00e9ntica historia.<\/em><\/p>\t\t\t\t\t\t\t\t<\/div>\n\t\t\t\t\t<\/div>\n\t\t\t\t<\/div>\n\t\t<div class=\"elementor-element elementor-element-3e710c2 e-flex e-con-boxed e-con e-parent\" data-id=\"3e710c2\" data-element_type=\"container\" data-e-type=\"container\">\n\t\t\t\t\t<div class=\"e-con-inner\">\n\t\t<div class=\"elementor-element elementor-element-334baef e-con-full e-flex e-con e-child\" data-id=\"334baef\" data-element_type=\"container\" data-e-type=\"container\">\n\t\t\t\t<div class=\"elementor-element elementor-element-06dce81 elementor-widget elementor-widget-image\" data-id=\"06dce81\" data-element_type=\"widget\" data-e-type=\"widget\" data-widget_type=\"image.default\">\n\t\t\t\t\t\t\t\t\t\t\t\t\t\t\t<img fetchpriority=\"high\" decoding=\"async\" width=\"740\" height=\"958\" src=\"https:\/\/diamantesportvintage.com\/wp-content\/uploads\/2025\/09\/2.-EL-BEISBOL-Y-LA-LUCHA-ARMADA-a-950-791x1024.jpg\" class=\"attachment-large size-large wp-image-204\" alt=\"\" srcset=\"https:\/\/diamantesportvintage.com\/wp-content\/uploads\/2025\/09\/2.-EL-BEISBOL-Y-LA-LUCHA-ARMADA-a-950-791x1024.jpg 791w, https:\/\/diamantesportvintage.com\/wp-content\/uploads\/2025\/09\/2.-EL-BEISBOL-Y-LA-LUCHA-ARMADA-a-950-232x300.jpg 232w, https:\/\/diamantesportvintage.com\/wp-content\/uploads\/2025\/09\/2.-EL-BEISBOL-Y-LA-LUCHA-ARMADA-a-950-768x994.jpg 768w, https:\/\/diamantesportvintage.com\/wp-content\/uploads\/2025\/09\/2.-EL-BEISBOL-Y-LA-LUCHA-ARMADA-a-950.jpg 950w\" sizes=\"100vw\" \/>\t\t\t\t\t\t\t\t\t\t\t\t\t\t\t<\/div>\n\t\t\t\t<\/div>\n\t\t<div class=\"elementor-element elementor-element-e42abfd e-con-full e-flex e-con e-child\" data-id=\"e42abfd\" data-element_type=\"container\" data-e-type=\"container\">\n\t\t\t\t<div class=\"elementor-element elementor-element-aa2f2af elementor-widget elementor-widget-image\" data-id=\"aa2f2af\" data-element_type=\"widget\" data-e-type=\"widget\" data-widget_type=\"image.default\">\n\t\t\t\t\t\t\t\t\t\t\t\t\t\t\t<img decoding=\"async\" width=\"740\" height=\"958\" src=\"https:\/\/diamantesportvintage.com\/wp-content\/uploads\/2025\/09\/3.-LA-ASOCIACION-Y-EL-CAMPEONATO-DEL-CENTENARIO-a-950-791x1024.jpg\" class=\"attachment-large size-large wp-image-203\" alt=\"\" srcset=\"https:\/\/diamantesportvintage.com\/wp-content\/uploads\/2025\/09\/3.-LA-ASOCIACION-Y-EL-CAMPEONATO-DEL-CENTENARIO-a-950-791x1024.jpg 791w, https:\/\/diamantesportvintage.com\/wp-content\/uploads\/2025\/09\/3.-LA-ASOCIACION-Y-EL-CAMPEONATO-DEL-CENTENARIO-a-950-232x300.jpg 232w, https:\/\/diamantesportvintage.com\/wp-content\/uploads\/2025\/09\/3.-LA-ASOCIACION-Y-EL-CAMPEONATO-DEL-CENTENARIO-a-950-768x994.jpg 768w, https:\/\/diamantesportvintage.com\/wp-content\/uploads\/2025\/09\/3.-LA-ASOCIACION-Y-EL-CAMPEONATO-DEL-CENTENARIO-a-950.jpg 950w\" sizes=\"100vw\" \/>\t\t\t\t\t\t\t\t\t\t\t\t\t\t\t<\/div>\n\t\t\t\t<\/div>\n\t\t\t\t\t<\/div>\n\t\t\t\t<\/div>\n\t\t\t\t<\/div>\n\t\t","protected":false},"excerpt":{"rendered":"<p>Nuestras ediciones impresas y digitales te esperan, cuidadosamente dise\u00f1adas para revivir la esencia del beisbol en cada p\u00e1gina. Cada n\u00famero re\u00fane cr\u00f3nicas, fotograf\u00edas, documentos y relatos que transportan al lector a \u00e9pocas inolvidables del diamante, donde la pasi\u00f3n y la memoria se entrelazan. Se trata de una colecci\u00f3n \u00fanica para los verdaderos amantes del beisbol, &hellip; <\/p>\n<p class=\"link-more\"><a href=\"https:\/\/diamantesportvintage.com\/index.php\/colecciones\/\" class=\"more-link\">Continuar leyendo<span class=\"screen-reader-text\"> \u00abColecciones\u00bb<\/span><\/a><\/p>\n","protected":false},"author":1,"featured_media":0,"parent":0,"menu_order":0,"comment_status":"closed","ping_status":"closed","template":"","meta":{"_eb_attr":"","footnotes":""},"class_list":["post-201","page","type-page","status-publish","hentry"],"_links":{"self":[{"href":"https:\/\/diamantesportvintage.com\/index.php\/wp-json\/wp\/v2\/pages\/201","targetHints":{"allow":["GET"]}}],"collection":[{"href":"https:\/\/diamantesportvintage.com\/index.php\/wp-json\/wp\/v2\/pages"}],"about":[{"href":"https:\/\/diamantesportvintage.com\/index.php\/wp-json\/wp\/v2\/types\/page"}],"author":[{"embeddable":true,"href":"https:\/\/diamantesportvintage.com\/index.php\/wp-json\/wp\/v2\/users\/1"}],"replies":[{"embeddable":true,"href":"https:\/\/diamantesportvintage.com\/index.php\/wp-json\/wp\/v2\/comments?post=201"}],"version-history":[{"count":4,"href":"https:\/\/diamantesportvintage.com\/index.php\/wp-json\/wp\/v2\/pages\/201\/revisions"}],"predecessor-version":[{"id":207,"href":"https:\/\/diamantesportvintage.com\/index.php\/wp-json\/wp\/v2\/pages\/201\/revisions\/207"}],"wp:attachment":[{"href":"https:\/\/diamantesportvintage.com\/index.php\/wp-json\/wp\/v2\/media?parent=201"}],"curies":[{"name":"wp","href":"https:\/\/api.w.org\/{rel}","templated":true}]}}